{"id":1295,"date":"2014-02-18T18:06:56","date_gmt":"2014-02-18T17:06:56","guid":{"rendered":"http:\/\/www.economiaediritto.it\/?page_id=1295"},"modified":"2016-08-24T10:39:27","modified_gmt":"2016-08-24T08:39:27","slug":"direzione-scientifica","status":"publish","type":"page","link":"https:\/\/www.economiaediritto.it\/en\/centro-studi\/organizzazione-cesed\/direzione-scientifica\/","title":{"rendered":"Direzione Scientifica"},"content":{"rendered":"<div class=\"wpb_row row-fluid\">\n\t<div class=\"span6 wpb_column column_container\">\n\t\t<div class=\"wpb_wrapper\">\n\t\t\t\n\t<div class=\"wpb_text_column wpb_content_element \">\n\t\t<div class=\"wpb_wrapper\">\n\t\t\t <a href=\"https:\/\/i0.wp.com\/www.economiaediritto.it\/wp-content\/uploads\/2012\/12\/Ce.S.E.D._logo.png\"><img decoding=\"async\" data-attachment-id=\"4244\" data-permalink=\"https:\/\/www.economiaediritto.it\/en\/centro-studi\/ce-s-e-d-_logo\/\" data-orig-file=\"https:\/\/i0.wp.com\/www.economiaediritto.it\/wp-content\/uploads\/2012\/12\/Ce.S.E.D._logo.png?fit=660%2C239&amp;ssl=1\" data-orig-size=\"660,239\" data-comments-opened=\"0\" data-image-meta=\"{&quot;aperture&quot;:&quot;0&quot;,&quot;credit&quot;:&quot;&quot;,&quot;camera&quot;:&quot;&quot;,&quot;caption&quot;:&quot;&quot;,&quot;created_timestamp&quot;:&quot;0&quot;,&quot;copyright&quot;:&quot;&quot;,&quot;focal_length&quot;:&quot;0&quot;,&quot;iso&quot;:&quot;0&quot;,&quot;shutter_speed&quot;:&quot;0&quot;,&quot;title&quot;:&quot;&quot;}\" data-image-title=\"Ce.S.E.D.\" data-image-description=\"&lt;p&gt;Ce.S.E.D.&lt;\/p&gt;\n\" data-image-caption=\"\" data-medium-file=\"https:\/\/i0.wp.com\/www.economiaediritto.it\/wp-content\/uploads\/2012\/12\/Ce.S.E.D._logo.png?fit=300%2C108&amp;ssl=1\" data-large-file=\"https:\/\/i0.wp.com\/www.economiaediritto.it\/wp-content\/uploads\/2012\/12\/Ce.S.E.D._logo.png?fit=660%2C239&amp;ssl=1\" tabindex=\"0\" role=\"button\" class=\"size-medium wp-image-4244 alignleft\" alt=\"Ce.S.E.D.\" src=\"https:\/\/i0.wp.com\/www.economiaediritto.it\/wp-content\/uploads\/2012\/12\/Ce.S.E.D._logo-300x108.png?resize=300%2C108\" width=\"300\" height=\"108\" srcset=\"https:\/\/i0.wp.com\/www.economiaediritto.it\/wp-content\/uploads\/2012\/12\/Ce.S.E.D._logo.png?resize=300%2C108&amp;ssl=1 300w, https:\/\/i0.wp.com\/www.economiaediritto.it\/wp-content\/uploads\/2012\/12\/Ce.S.E.D._logo.png?w=660&amp;ssl=1 660w\" sizes=\"(max-width: 300px) 100vw, 300px\" data-recalc-dims=\"1\" \/><\/a> \n\t\t<\/div> \n\t<\/div> \n\t\t<\/div> \n\t<\/div> \n\n\t<div class=\"span6 wpb_column column_container\">\n\t\t<div class=\"wpb_wrapper\">\n\t\t\t\n\t\t<\/div> \n\t<\/div> \n<\/div><div class=\"wpb_row row-fluid\">\n\t<div class=\"span3 wpb_column column_container\">\n\t\t<div class=\"wpb_wrapper\">\n\t\t\t<div class=\"vc_wp_custommenu wpb_content_element\"><div class=\"widget widget_nav_menu\"><div class=\"menu-ce-s-e-d-container\"><ul id=\"menu-ce-s-e-d\" class=\"menu\"><li id=\"menu-item-4147\" class=\"menu-item menu-item-type-post_type menu-item-object-page menu-item-has-children menu-item-first menu-item-4147\"><a href=\"https:\/\/www.economiaediritto.it\/en\/centro-studi\/organizzazione-cesed\/\">ORGANIZZAZIONE<\/a>\n<ul class=\"sub-menu\">\n\t<li id=\"menu-item-4148\" class=\"menu-item menu-item-type-post_type menu-item-object-page menu-item-4148\"><a href=\"https:\/\/www.economiaediritto.it\/en\/centro-studi\/organizzazione-cesed\/obiettivi-cesed\/\">> Obiettivi<\/a><\/li>\n\t<li id=\"menu-item-4149\" class=\"menu-item menu-item-type-post_type menu-item-object-page menu-item-4149\"><a href=\"https:\/\/www.economiaediritto.it\/en\/centro-studi\/organizzazione-cesed\/direzione-scientifica\/\">> Direzione Scientifica<\/a><\/li>\n\t<li id=\"menu-item-4188\" class=\"menu-item menu-item-type-custom menu-item-object-custom menu-item-4188\"><a href=\"#\">> Comitato Scientifico<\/a><\/li>\n\t<li id=\"menu-item-4150\" class=\"menu-item menu-item-type-post_type menu-item-object-page menu-item-4150\"><a href=\"https:\/\/www.economiaediritto.it\/en\/centro-studi\/organizzazione-cesed\/atto-costitutivo-e-statuto-sociale\/\">> Statuto<\/a><\/li>\n<\/ul>\n<\/li>\n<li id=\"menu-item-4219\" class=\"menu-item menu-item-type-post_type menu-item-object-page menu-item-4219\"><a href=\"https:\/\/www.economiaediritto.it\/en\/centro-studi\/alta-formazione-cesed\/\" title=\"alta-formazione\">ALTA FORMAZIONE<\/a><\/li>\n<li id=\"menu-item-4189\" class=\"menu-item menu-item-type-taxonomy menu-item-object-category menu-item-has-children menu-item-4189\"><a href=\"https:\/\/www.economiaediritto.it\/en\/category\/accordi-e-convenzioni\/\">ACCORDI E CONVENZIONI<\/a>\n<ul class=\"sub-menu\">\n\t<li id=\"menu-item-4193\" class=\"menu-item menu-item-type-taxonomy menu-item-object-category menu-item-4193\"><a href=\"https:\/\/www.economiaediritto.it\/en\/category\/accordi-e-convenzioni\/enti-pubblici\/\">> Enti Pubblici<\/a><\/li>\n\t<li id=\"menu-item-4192\" class=\"menu-item menu-item-type-taxonomy menu-item-object-category menu-item-4192\"><a href=\"https:\/\/www.economiaediritto.it\/en\/category\/accordi-e-convenzioni\/banche-accordi-e-convenzioni\/\">> Banche<\/a><\/li>\n\t<li id=\"menu-item-4190\" class=\"menu-item menu-item-type-taxonomy menu-item-object-category menu-item-4190\"><a href=\"https:\/\/www.economiaediritto.it\/en\/category\/accordi-e-convenzioni\/alberghi\/\">> Alberghi<\/a><\/li>\n\t<li id=\"menu-item-4194\" class=\"menu-item menu-item-type-taxonomy menu-item-object-category menu-item-4194\"><a href=\"https:\/\/www.economiaediritto.it\/en\/category\/accordi-e-convenzioni\/ristoranti\/\">> Ristoranti<\/a><\/li>\n\t<li id=\"menu-item-4191\" class=\"menu-item menu-item-type-taxonomy menu-item-object-category menu-item-4191\"><a href=\"https:\/\/www.economiaediritto.it\/en\/category\/accordi-e-convenzioni\/altri-servizi\/\">> Altri Servizi<\/a><\/li>\n<\/ul>\n<\/li>\n<li id=\"menu-item-4198\" class=\"menu-item menu-item-type-taxonomy menu-item-object-category menu-item-has-children menu-item-4198\"><a href=\"https:\/\/www.economiaediritto.it\/en\/category\/ricerca-sviluppo\/\" title=\"ricerca&#038;sviluppo\">RICERCA E SVILUPPO<\/a>\n<ul class=\"sub-menu\">\n\t<li id=\"menu-item-4196\" class=\"menu-item menu-item-type-taxonomy menu-item-object-category menu-item-4196\"><a href=\"https:\/\/www.economiaediritto.it\/en\/category\/ricerca-sviluppo\/criminologia-criminalistica-tributaria-ricerca-sviluppo\/\">> Criminologia e Criminalistica Tributaria<\/a><\/li>\n\t<li id=\"menu-item-4197\" class=\"menu-item menu-item-type-taxonomy menu-item-object-category menu-item-4197\"><a href=\"https:\/\/www.economiaediritto.it\/en\/category\/ricerca-sviluppo\/economia-sostenibile\/\">> Economia Sostenibile<\/a><\/li>\n\t<li id=\"menu-item-4199\" class=\"menu-item menu-item-type-taxonomy menu-item-object-category menu-item-4199\"><a href=\"https:\/\/www.economiaediritto.it\/en\/category\/ricerca-sviluppo\/smart-city-ricerca-sviluppo\/\">> Smart City<\/a><\/li>\n<\/ul>\n<\/li>\n<li id=\"menu-item-4200\" class=\"menu-item menu-item-type-post_type menu-item-object-page menu-item-4200\"><a href=\"https:\/\/www.economiaediritto.it\/en\/centro-studi\/aderisci-al-ce-s-e-d\/\" title=\"diventa-socio-cesed\">DIVENTA SOCIO Ce.S.E.D.<\/a><\/li>\n<li id=\"menu-item-4201\" class=\"menu-item menu-item-type-post_type menu-item-object-page menu-item-4201\"><a href=\"https:\/\/www.economiaediritto.it\/en\/contatti\/\">CONTATTI<\/a><\/li>\n<\/ul><\/div><\/div><\/div>\n\n\t\t<\/div> \n\t<\/div> \n\n\t<div class=\"span9 wpb_column column_container\">\n\t\t<div class=\"wpb_wrapper\">\n\t\t\t\n\t<div class=\"wpb_text_column wpb_content_element \">\n\t\t<div class=\"wpb_wrapper\">\n\t\t\t\n<h2 style=\"text-align: justify;\">Direzione Scientifica<\/h2>\n<p style=\"text-align: justify;\">Direttore Scientifico e coordinatore del progetto \u201c<i>Alta Formazione Continua<\/i>\u201d del Ce.S.E.D., nonch\u00e9 Docente del modulo fiscale dei Seminari sulla Internazionalizzazione e di tutti i moduli del TAX LAB, \u00e8 il <a href=\"http:\/\/www.claudiomelillo.it\" target=\"_blank\">Dott. Claudio Melillo<\/a> (Presidente del Ce.S.E.D.), Dottore di Ricerca in Diritto Tributario, gi\u00e0 funzionario della Guardia di Finanza (dal 1994 al 2009) e <i>Tax Director<\/i> (dal 2009 al 2013) di una prestigiosa <i>Boutique<\/i> tributaria milanese con clientela multinazionale, docente presso la Scuola di Polizia Tributaria della Guardia di Finanza nel corso di \u201c<i>Tecniche di contrasto ai fenomeni di evasione fiscale internazionale, alle frodi ed all\u2019elusione fiscale<\/i>\u201d, ha partecipato in qualit\u00e0 di docente o relatore a corsi e convegni su tematiche di fiscalit\u00e0 internazionale e reati tributari e finanziari presso: Scuola Superiore dell\u2019Economia e delle Finanze (SSEF), SDA Bocconi, IPSOA, ANDAF, Unione Industriali di Treviso, Camera di Commercio di San Marino, Centro Studi Internazionali GEB Partners di Milano, Universit\u00e0 LIUC di Castellanza, Universit\u00e0 Link Campus di Malta, Seconda Universit\u00e0 di Napoli, ecc.. Il Dott. Melillo \u00e8 Direttore Editoriale del Periodico mensile digitale ECONOMIAeDIRITTO.it il cui Comitato Scientifico \u00e8 costituito da autorevoli docenti universitari italiani e stranieri (<a href=\"http:\/\/www.economiaediritto.it\/\">www.economiaediritto.it<\/a>) ed \u00e8, altres\u00ec, autore di numerose pubblicazioni in materia di diritto tributario nazionale, comunitario e internazionale, con particolare riferimento alla gestione delle verifiche fiscali nei confronti delle imprese che operano con l\u2019estero.<\/p>\n<p style=\"text-align: justify;\">Nell\u2019ambito dell\u2019attivit\u00e0 di ricerca del Ce.S.E.D. il Dott. Melillo \u00e8 ideatore e coordinatore di un progetto (attualmente in fase iniziale) sul tema della \u201c<i>Criminologia e criminalistica tributaria<\/i>\u201d (<a href=\"http:\/\/www.criminologiatributaria.it\/\">www.criminologiatributaria.it<\/a>) finalizzato, <i>da un lato<\/i>, ad analizzare i comportamenti che inducono gli individui e le imprese all\u2019evasione fiscale e, <i>dall\u2019altro<\/i>, ad individuare misure preventive efficaci e, laddove possibile, meccanismi premiali per i soggetti virtuosi. Il tema, di particolare attualit\u00e0 a livello internazionale, \u00e8 oggetto di alcuni progetti sperimentali curati dal Dott. Melillo, in collaborazione con autorevoli esperti del settore (<em>i.e.<\/em>, Progetto di ricerca e Rubrica pubblicata su ECONOMIAeDIRITTO.it).<\/p>\n<p style=\"text-align: justify;\">Per maggiori informazioni: <a href=\"http:\/\/www.claudiomelillo.it\" target=\"_blank\">www.claudiomelillo.it<\/a><b><\/b><\/p>\n<p style=\"text-align: justify;\">\n\t\t<\/div> \n\t<\/div> \n\t\t<\/div> \n\t<\/div> \n<\/div><div class=\"wpb_row row-fluid\">\n\t<div class=\"span12 wpb_column column_container\">\n\t\t<div class=\"wpb_wrapper\">\n\t\t\t\n\t<div class=\"wpb_text_column wpb_content_element \">\n\t\t<div class=\"wpb_wrapper\">\n\t\t\t\n\t\t<\/div> \n\t<\/div> \n\t\t<\/div> \n\t<\/div> \n<\/div>\n<!-- PMB print buttons is only displayed on a single post\/page URLs-->","protected":false},"excerpt":{"rendered":"ORGANIZZAZIONE > Obiettivi > Direzione Scientifica > Comitato Scientifico > Statuto ALTA FORMAZIONE ACCORDI E CONVENZIONI > Enti Pubblici > Banche > Alberghi > Ristoranti > Altri Servizi RICERCA E ","protected":false},"author":1377,"featured_media":0,"parent":2363,"menu_order":2,"comment_status":"closed","ping_status":"open","template":"page-homepage-blank.php","meta":{"_bbp_topic_count":0,"_bbp_reply_count":0,"_bbp_total_topic_count":0,"_bbp_total_reply_count":0,"_bbp_voice_count":0,"_bbp_anonymous_reply_count":0,"_bbp_topic_count_hidden":0,"_bbp_reply_count_hidden":0,"_bbp_forum_subforum_count":0,"jetpack_post_was_ever_published":false,"footnotes":""},"class_list":["post-1295","page","type-page","status-publish","hentry"],"translation":{"provider":"WPGlobus","version":"3.0.2","language":"en","enabled_languages":["it","en","es"],"languages":{"it":{"title":true,"content":true,"excerpt":false},"en":{"title":false,"content":false,"excerpt":false},"es":{"title":false,"content":false,"excerpt":false}}},"jetpack_sharing_enabled":true,"jetpack_shortlink":"https:\/\/wp.me\/P9CRXF-kT","jetpack_likes_enabled":true,"jetpack-related-posts":[],"_links":{"self":[{"href":"https:\/\/www.economiaediritto.it\/en\/wp-json\/wp\/v2\/pages\/1295","targetHints":{"allow":["GET"]}}],"collection":[{"href":"https:\/\/www.economiaediritto.it\/en\/wp-json\/wp\/v2\/pages"}],"about":[{"href":"https:\/\/www.economiaediritto.it\/en\/wp-json\/wp\/v2\/types\/page"}],"author":[{"embeddable":true,"href":"https:\/\/www.economiaediritto.it\/en\/wp-json\/wp\/v2\/users\/1377"}],"replies":[{"embeddable":true,"href":"https:\/\/www.economiaediritto.it\/en\/wp-json\/wp\/v2\/comments?post=1295"}],"version-history":[{"count":12,"href":"https:\/\/www.economiaediritto.it\/en\/wp-json\/wp\/v2\/pages\/1295\/revisions"}],"predecessor-version":[{"id":11627,"href":"https:\/\/www.economiaediritto.it\/en\/wp-json\/wp\/v2\/pages\/1295\/revisions\/11627"}],"up":[{"embeddable":true,"href":"https:\/\/www.economiaediritto.it\/en\/wp-json\/wp\/v2\/pages\/2363"}],"wp:attachment":[{"href":"https:\/\/www.economiaediritto.it\/en\/wp-json\/wp\/v2\/media?parent=1295"}],"curies":[{"name":"wp","href":"https:\/\/api.w.org\/{rel}","templated":true}]}}