{"id":1308,"date":"2014-02-18T15:59:32","date_gmt":"2014-02-18T14:59:32","guid":{"rendered":"http:\/\/www.economiaediritto.it\/?page_id=1308"},"modified":"2016-08-24T10:39:00","modified_gmt":"2016-08-24T08:39:00","slug":"mission","status":"publish","type":"page","link":"https:\/\/www.economiaediritto.it\/en\/chi-siamo\/mission\/","title":{"rendered":"Mission"},"content":{"rendered":"<p align=\"justify\"><strong>ECONOMIAeDIRITTO.it <\/strong>\u00e8 una Rivista digitale, a periodicit\u00e0 mensile, ad accesso libero e gratuito, destinata a chiunque sia interessato ad approfondire le tematiche economico-giuridiche.<\/p>\n<p align=\"justify\">La nostra <strong>MISSION<\/strong> consiste nel &#8220;<em>sostenere il principio di integrazione tra economia e diritto<\/em>&#8221; perch\u00e8 pensiamo che in futuro sar\u00e0 sempre pi\u00f9 rilevante l&#8217;azione regolatrice del diritto nei confronti del sistema economico globale. Gestire una organizzazione di qualunque tipo, sia essa un&#8217;impresa pubblica o privata, presuppone il possesso di conoscenze trasversali e multidisciplinari che vanno dalla contabilit\u00e0 al diritto tributario, dal marketing al diritto commerciale e cos\u00ec via. In questo sito vorremmo contribuire all&#8217;eliminazione di quelle barriere culturali e psicologiche, per nulla giustificate, che hanno sempre favorito la netta separazione tra discipline giuridiche ed economiche.<\/p>\n<p align=\"justify\">Crediamo che il biniomio ECONOMIA e DIRITTO debba considerarsi inscindibile e che, per ottenere il miglior risultato, occorra sempre affrontare le questioni in maniera integrata, approfondendo gli aspetti giuridici di un problema economico e, viceversa, quelli economici di un problema giuridico.<\/p>\n<p align=\"justify\">Il LOGO da noi scelto \u00e8 semplice ma esprime un significato ben preciso, coerente con la nostra mission. Raffigura una colonna &#8211; il DIRITTO &#8211; che sostiene un capitello &#8211; l&#8217;ECONOMIA &#8211; e rappresenta, pertanto, il naturale vincolo funzionale che lega i due ambiti disciplinari.<\/p>\n<p align=\"justify\">Di seguito un breve profilo di Claudio Melillo, fondatore e Direttore Editoriale della Rivista <a href=\"http:\/\/www.economiaediritto.it\/pagina-di-esempio\/claudio-melillo\/\" rel=\"attachment wp-att-1230\"><img decoding=\"async\" class=\"wp-image-1230 alignright\" alt=\"Claudio Melillo\" src=\"https:\/\/i0.wp.com\/www.economiaediritto.it\/wp-content\/uploads\/2012\/06\/Claudio-Melillo.png?resize=104%2C104\" width=\"104\" height=\"104\" data-recalc-dims=\"1\" \/><\/a>ECONOMIAeDIRITTO.it:<\/p>\n<ul>\n<li style=\"text-align: justify;\"><em style=\"line-height: 1.5; font-size: 13px;\">gi\u00e0 Tax Director c\/o Studio Legale Tributario Valente Associati GEB Partners di Milano.<\/em><\/li>\n<li style=\"text-align: justify;\"><em>Esperto di International Tax con particolare riguardo a: transfer pricing, residenza ed esterovestizione, stabile organizzazione occulta, paradisi fiscali, CFC, dividendi, interessi e royalties, trattati internazionali, verifiche fiscali).<\/em><\/li>\n<li style=\"text-align: justify;\"><em>Esperto di Tax Audit, Tax Compliance e Tax Litigation (difesa tributaria dalla verifica fiscale al contenzioso).<\/em><\/li>\n<li style=\"text-align: justify;\"><em>Esperto in formazione legale, fiscale e penale per le imprese.<\/em><\/li>\n<li style=\"text-align: justify;\"><em>Presidente del Centro Studi Economia e Diritto &#8211; Ce.S.E.D..<\/em><\/li>\n<li style=\"text-align: justify;\"><em>Ph.D. in Diritto Tributario presso la II Universit\u00e0 di Napoli &#8211; Facolt\u00e0 di Economia &#8211; (Cattedra del Prof. Manlio Ingrosso).<\/em><\/li>\n<li style=\"text-align: justify;\"><em>gi\u00e0 membro del Centro Studi Internazionali GEB Partners di Milano.<\/em><\/li>\n<li style=\"text-align: justify;\"><em>Docente e relatore presso Seconda Universit\u00e0 di Napoli, Universit\u00e0 LIUC di Castellanza, SDA Bocconi, Link Campus University of Malta, Unindustria, ANDAF, Scuola Superiore dell&#8217;Economia e delle Finanze, IPSOA, Centro Studi di Economia e Diritto (Ce.S.E.D.), ecc..<\/em><\/li>\n<li style=\"text-align: justify;\"><em>gi\u00e0 Socio Ordinario del Centro Penale di Diritto Tributario &#8211; CDPT (Presidente: Ch.mo Prof. Ivo Caraccioli).<\/em><\/li>\n<li style=\"text-align: justify;\"><em>Autore di numerose pubblicazioni in materia di fiscalit\u00e0 internazionale e diritto societario.<\/em><\/li>\n<li style=\"text-align: justify;\"><em>Collaboratore della Rivista &#8220;il fisco&#8221; (Direttore: Donatella Treu).<\/em><\/li>\n<li style=\"text-align: justify;\"><em>Collaboratore della Rivista &#8220;Diritto e Pratica Tributaria&#8221; (Direttore: Prof. Victor Uckmar).<\/em><\/li>\n<li style=\"text-align: justify;\"><em>Collaboratore della Rivista &#8220;Diritto e Pratica Tributaria Internazionale&#8221; (Direttore: Prof. Pasquale Pistone).<\/em><\/li>\n<li style=\"text-align: justify;\"><em>Collaboratore della Rivista di Diritto Tributario e dell&#8217;Impresa &#8220;<a href=\"http:\/\/www.businessandtax.it\/\" target=\"_blank\">Quadrimestre di Business and Tax<\/a>&#8221; (Direttore: Avv. Vito D&#8217;Ambra).<\/em><\/li>\n<li style=\"text-align: justify;\"><em>Gi\u00e0 Visiting Scholar presso il Centro di Ricerche Tributarie dell&#8217;Impresa &#8211; Ce.R.T.I. Bocconi di Milano (Direttore: Prof. Giuseppe Marino).<\/em><\/li>\n<li style=\"text-align: justify;\"><em>Gi\u00e0 Ufficiale di Polizia Tributaria e Giudiziaria della Guardia di Finanza.<\/em><\/li>\n<li style=\"text-align: justify;\"><em>Esperto in materia tributaria, gestione d&#8217;impresa, web management, web marketing, finanza agevolata.<\/em><\/li>\n<li style=\"text-align: justify;\"><em>Frequentatore della Scuola biennale di Alta Formazione dei Dottori Commercialisti ed Esperti Contabili di Milano (Universit\u00e0 Bocconi).<\/em><\/li>\n<li style=\"text-align: justify;\"><em>Seconda Laurea specialistica a pieni voti in Scienze dell&#8217;Amministrazione.<\/em><\/li>\n<li style=\"text-align: justify;\"><em>Laurea (vecchio ord.) a pieni voti in Economia Aziendale.<\/em><\/li>\n<\/ul>\n<!-- PMB print buttons is only displayed on a single post\/page URLs-->","protected":false},"excerpt":{"rendered":"<p>ECONOMIAeDIRITTO.it \u00e8 una Rivista digitale, a periodicit\u00e0 mensile, ad accesso libero e gratuito, destinata a chiunque sia interessato ad approfondire le tematiche economico-giuridiche. La nostra MISSION consiste nel &#8220;sostenere il <\/p>\n","protected":false},"author":1377,"featured_media":0,"parent":2560,"menu_order":2,"comment_status":"closed","ping_status":"open","template":"","meta":{"_bbp_topic_count":0,"_bbp_reply_count":0,"_bbp_total_topic_count":0,"_bbp_total_reply_count":0,"_bbp_voice_count":0,"_bbp_anonymous_reply_count":0,"_bbp_topic_count_hidden":0,"_bbp_reply_count_hidden":0,"_bbp_forum_subforum_count":0,"jetpack_post_was_ever_published":false,"footnotes":""},"class_list":["post-1308","page","type-page","status-publish","hentry"],"translation":{"provider":"WPGlobus","version":"3.0.2","language":"en","enabled_languages":["it","en","es"],"languages":{"it":{"title":true,"content":true,"excerpt":false},"en":{"title":false,"content":false,"excerpt":false},"es":{"title":false,"content":false,"excerpt":false}}},"jetpack_sharing_enabled":true,"jetpack_shortlink":"https:\/\/wp.me\/P9CRXF-l6","jetpack_likes_enabled":true,"jetpack-related-posts":[],"_links":{"self":[{"href":"https:\/\/www.economiaediritto.it\/en\/wp-json\/wp\/v2\/pages\/1308","targetHints":{"allow":["GET"]}}],"collection":[{"href":"https:\/\/www.economiaediritto.it\/en\/wp-json\/wp\/v2\/pages"}],"about":[{"href":"https:\/\/www.economiaediritto.it\/en\/wp-json\/wp\/v2\/types\/page"}],"author":[{"embeddable":true,"href":"https:\/\/www.economiaediritto.it\/en\/wp-json\/wp\/v2\/users\/1377"}],"replies":[{"embeddable":true,"href":"https:\/\/www.economiaediritto.it\/en\/wp-json\/wp\/v2\/comments?post=1308"}],"version-history":[{"count":2,"href":"https:\/\/www.economiaediritto.it\/en\/wp-json\/wp\/v2\/pages\/1308\/revisions"}],"predecessor-version":[{"id":8439,"href":"https:\/\/www.economiaediritto.it\/en\/wp-json\/wp\/v2\/pages\/1308\/revisions\/8439"}],"up":[{"embeddable":true,"href":"https:\/\/www.economiaediritto.it\/en\/wp-json\/wp\/v2\/pages\/2560"}],"wp:attachment":[{"href":"https:\/\/www.economiaediritto.it\/en\/wp-json\/wp\/v2\/media?parent=1308"}],"curies":[{"name":"wp","href":"https:\/\/api.w.org\/{rel}","templated":true}]}}