{"id":9176,"date":"2020-10-25T19:19:13","date_gmt":"2020-10-25T18:19:13","guid":{"rendered":"https:\/\/www.economiaediritto.it\/?page_id=9176"},"modified":"2020-10-25T19:26:31","modified_gmt":"2020-10-25T18:26:31","slug":"comitato-editoriale","status":"publish","type":"page","link":"https:\/\/www.economiaediritto.it\/en\/chi-siamo\/comitato-editoriale\/","title":{"rendered":"Comitato Editoriale"},"content":{"rendered":"<ul>\n<li>Giorgio Beltrami (Universit\u00e0 degli Studi di Milano-Bicocca)<\/li>\n<li>Davide La Torre (Universit\u00e0 degli Studi di Milano)<\/li>\n<li>Antonio Nestic\u00f2 (Universit\u00e0 degli Studi di Salerno)<\/li>\n<li>Guido Migliaccio (Universit\u00e0 degli Studi del Sannio)<\/li>\n<li>Claudio Melillo (Luiss Business School &#8211; Universit\u00e0 degli Studi di Napoli-Parthenope)<\/li>\n<\/ul>\n<!-- PMB print buttons is only displayed on a single post\/page URLs-->","protected":false},"excerpt":{"rendered":"<p>Giorgio Beltrami (Universit\u00e0 degli Studi di Milano-Bicocca) Davide La Torre (Universit\u00e0 degli Studi di Milano) Antonio Nestic\u00f2 (Universit\u00e0 degli Studi di Salerno) Guido Migliaccio (Universit\u00e0 degli Studi del Sannio) Claudio <\/p>\n","protected":false},"author":1263,"featured_media":0,"parent":2560,"menu_order":0,"comment_status":"closed","ping_status":"closed","template":"","meta":{"_bbp_topic_count":0,"_bbp_reply_count":0,"_bbp_total_topic_count":0,"_bbp_total_reply_count":0,"_bbp_voice_count":0,"_bbp_anonymous_reply_count":0,"_bbp_topic_count_hidden":0,"_bbp_reply_count_hidden":0,"_bbp_forum_subforum_count":0,"jetpack_post_was_ever_published":false,"footnotes":""},"class_list":["post-9176","page","type-page","status-publish","hentry"],"translation":{"provider":"WPGlobus","version":"3.0.2","language":"en","enabled_languages":["it","en","es"],"languages":{"it":{"title":true,"content":true,"excerpt":false},"en":{"title":false,"content":false,"excerpt":false},"es":{"title":false,"content":false,"excerpt":false}}},"jetpack_sharing_enabled":true,"jetpack_shortlink":"https:\/\/wp.me\/P9CRXF-2o0","jetpack_likes_enabled":true,"jetpack-related-posts":[],"_links":{"self":[{"href":"https:\/\/www.economiaediritto.it\/en\/wp-json\/wp\/v2\/pages\/9176","targetHints":{"allow":["GET"]}}],"collection":[{"href":"https:\/\/www.economiaediritto.it\/en\/wp-json\/wp\/v2\/pages"}],"about":[{"href":"https:\/\/www.economiaediritto.it\/en\/wp-json\/wp\/v2\/types\/page"}],"author":[{"embeddable":true,"href":"https:\/\/www.economiaediritto.it\/en\/wp-json\/wp\/v2\/users\/1263"}],"replies":[{"embeddable":true,"href":"https:\/\/www.economiaediritto.it\/en\/wp-json\/wp\/v2\/comments?post=9176"}],"version-history":[{"count":5,"href":"https:\/\/www.economiaediritto.it\/en\/wp-json\/wp\/v2\/pages\/9176\/revisions"}],"predecessor-version":[{"id":9186,"href":"https:\/\/www.economiaediritto.it\/en\/wp-json\/wp\/v2\/pages\/9176\/revisions\/9186"}],"up":[{"embeddable":true,"href":"https:\/\/www.economiaediritto.it\/en\/wp-json\/wp\/v2\/pages\/2560"}],"wp:attachment":[{"href":"https:\/\/www.economiaediritto.it\/en\/wp-json\/wp\/v2\/media?parent=9176"}],"curies":[{"name":"wp","href":"https:\/\/api.w.org\/{rel}","templated":true}]}}