{"id":1516,"date":"2013-05-16T14:57:44","date_gmt":"2013-05-16T12:57:44","guid":{"rendered":"http:\/\/www.economiaediritto.it\/?page_id=1516"},"modified":"2016-08-24T10:39:27","modified_gmt":"2016-08-24T08:39:27","slug":"note-legali","status":"publish","type":"page","link":"https:\/\/www.economiaediritto.it\/es\/note-legali\/","title":{"rendered":"Note legali"},"content":{"rendered":"<p style=\"text-align: justify;\">ECONOMIAeDIRITTO.it \u00e8 una Rivista registrata presso il Tribunale di Milano (Autorizzazione n. 92 del 26.03.2013). Essa rende disponibili informazioni di argomento economico e giuridico e aggiornamenti su iniziative formative ed editoriali sviluppate in tali settori.<\/p>\n<p style=\"text-align: justify;\"><b>Condizioni per l&#8217;utilizzo del sito <\/b><br \/>\nLa registrazione dell&#8217;utente, necessaria per l\u2019accesso ai contenuti e al servizio di newsletter, \u00e8 condizionata alla preventiva lettura da parte dello stesso dell&#8217;Informativa prevista dall&#8217;Art. 13 del D. Lgs. 196\/2003 relativa al trattamento dei dati personali.<br \/>\nL&#8217;Informativa, presente nel modulo di registrazione, contiene: l&#8217;indicazione delle finalit\u00e0 per le quali i dati sono raccolti, la natura obbligatoria o facoltativa del conferimento, i soggetti o le categorie di soggetti ai quali i dati possono essere eventualmente comunicati, i diritti dell&#8217;interessato, gli estremi identificativi del titolare del trattamento dati.<\/p>\n<p style=\"text-align: justify;\">Nella fruizione della Rivista, l\u2019utente deve rispettare copyright, diritti di nome e marchio e tutti gli altri diritti di ECONOMIAeDIRITTO.it e di terzi (in particolare, i diritti di personalit\u00e0).<\/p>\n<p style=\"text-align: justify;\">All\u2019utente si proibisce, tra l\u2019altro, di utilizzare qualsiasi immagine, informazione o dichiarazione che possa apparire diffamante, discriminatoria, razzista, o che esalti la violenza, o che contenga insulti, falsit\u00e0, pornografia, o elementi potenzialmente in grado di corrompere il pubblico giovane.<\/p>\n<p style=\"text-align: justify;\">L\u2019utente s\u2019impegna a non abusare della piattaforma che ospita la Rivista in alcun modo, in particolare:<\/p>\n<p style=\"text-align: justify;\">\u2022\u00a0\u00a0 a non eludere alcuna misura di sicurezza implementata sulla piattaforma;<\/p>\n<p style=\"text-align: justify;\">\u2022 a non utilizzare alcun dispositivo e alcuna applicazione dannosa, o potenzialmente dannosa per i sistemi di ECONOMIAeDIRITTO.it, o che causi il cattivo funzionamento di questi sistemi, in particolare, in conseguenza di modifiche alla struttura fisica o logica dei server o della rete di ECONOMIAeDIRITTO.it, o di altre reti; inoltre,<\/p>\n<p style=\"text-align: justify;\">\u2022\u00a0 a non includere la piattaforma, n\u00e9 integralmente n\u00e9 in parte, in altro contenuto del web, privato o commerciale, e a non utilizzare la piattaforma a scopi commerciali senza il consenso scritto dei titolari dei diritti su di essa.<\/p>\n<p style=\"text-align: justify;\"><b>Dati conferiti <\/b><br \/>\nIn tutte le trasmissioni indirizzate a ECONOMIAeDIRITTO.it l&#8217;utente garantisce che i suoi dati personali sono veri, reali, completi ed aggiornati. In caso di variazioni l&#8217;utente si impegna ad aggiornare tempestivamente tali dati.<br \/>\nECONOMIAeDIRITTO.it non potr\u00e0 mai essere ritenuto responsabile per la mancata fruizione dei servizi da parte dell&#8217;utente dovuta a incompletezza, errori e\/o omissioni relativi ai dati personali comunicati dall&#8217;utente.<\/p>\n<p style=\"text-align: justify;\"><b>Protezione dei dati personali <\/b><br \/>\nECONOMIAeDIRITTO.it ha reso note all&#8217;utente, come da separata Informativa, le finalit\u00e0 e le modalit\u00e0 del trattamento dei dati personali al quale l&#8217;utente ha acconsentito mediante l&#8217;apposita dichiarazione di consenso.<br \/>\nIn forma assolutamente anonima \u00e8 possibile che siano memorizzate alcune informazioni legate alla navigazione della newsletter, come ad esempio le pagine visitate e i passaggi fra queste, i tempi medi di navigazione, i sistemi operativi con i quali l&#8217;utente accede ed altri dati che possono fornire indicazioni utili per un continuo miglioramento del servizio.<\/p>\n<p style=\"text-align: justify;\">Nel caso in cui, nel corso della propria attivit\u00e0 di gestione del sistema, si ricorra all&#8217;attivit\u00e0 di terze parti, queste saranno tenute a non utilizzare dati personali tranne che per fornire i servizi richiesti; saranno altres\u00ec tenute a mantenere la pi\u00f9 assoluta riservatezza.<\/p>\n<p style=\"text-align: justify;\"><b>Diritti di propriet\u00e0 intellettuale e relativi obblighi dell&#8217;utente <\/b><br \/>\nI contributi editoriali forniti dagli esperti divengono di esclusiva propriet\u00e0 del sito e potranno essere archiviati e pubblicati nel database del sito, senza limitazione alcuna e a esclusiva discrezione della redazione.<br \/>\nE&#8217; vietata la riproduzione dei testi e della grafica contenuti nel sito e nella newsletter ECONOMIAeDIRITTO.it senza previa autorizzazione scritta da parte dei titolari del sito.<\/p>\n<p style=\"text-align: justify;\"><b>Esonero e limitazioni di responsabilit\u00e0<\/b><br \/>\nI contenuti offerti da ECONOMIAeDIRITTO.it sono gratuiti, redatti con cura e diligenza. I titolari del sito, tuttavia, declinano ogni responsabilit\u00e0, diretta e indiretta, nei confronti degli utenti e in generale di qualsiasi terzo, per eventuali ritardi, imprecisioni, errori, omissioni derivanti dai suddetti contenuti. I titolari del sito non sono in alcun caso da considerarsi responsabili della correttezza e\/o della legittimit\u00e0 dei suddetti contenuti ai sensi della normativa applicabile (in particolare per norme su diritto d&#8217;autore, privacy, ecc.).<br \/>\nI contenuti pubblicati, ad uso esclusivamente informativo, potrebbero non essere sempre necessariamente esaurienti, completi, precisi e aggiornati.<br \/>\nGli articoli degli esperti e dei partner editoriali non costituiscono infatti un parere di tipo professionale o giuridico. Resta infatti a carico dell&#8217;utente la verifica delle informazioni reperite tramite apposita consulenza professionale specializzata, prima della loro applicazione.<\/p>\n<p style=\"text-align: justify;\">I titolari del sito non saranno inoltre responsabili nel caso di: ritardi, malfunzionamenti e interruzioni nell&#8217;erogazione di qualsiasi servizio causati da forza maggiore, manomissioni o interventi sui servizi o sulle apparecchiature, generati dagli utenti ovvero da parte di terzi non autorizzati dal sito, errata utilizzazione del servizio da parte degli utenti, malfunzionamento dei terminali utilizzati dagli utenti, interruzione totale o parziale del servizio di accesso locale o di terminazione della chiamata fornito da altro operatore di telecomunicazioni, se anch&#8217;essa dovuta a ragioni di forza maggiore o a fatti di terzi.<\/p>\n<p style=\"text-align: justify;\"><b>Link e collegamenti<\/b><br \/>\nECONOMIAeDIRITTO.it pu\u00f2 contenere link ad altri siti o ad altre risorse del Web. L&#8217;utente \u00e8 pienamente consapevole che i titolari del sito non controllano e quindi non sono in alcun modo responsabili per i contenuti o la pubblicit\u00e0 diffusi su tali siti o per i prodotti o i servizi ivi offerti o negoziati cos\u00ec come per la qualit\u00e0 degli stessi.<br \/>\nI titolari del sito non sono inoltre responsabili per le modalit\u00e0 con le quali altri soggetti gestiscono la tutela dei dati personali.<\/p>\n<p style=\"text-align: justify;\"><b>La gestione dei cookies<\/b><br \/>\nI cookies possono essere usati per ottenere informazioni personalizzate da un sito Web. Un cookie \u00e8 un elemento che un sito Web invia al vostro browser. Questo elemento viene poi memorizzato sul vostro sistema. Alcune pagine della Rivista usano i cookies, al fine di garantire il riconoscimento del navigatore per velocizzare le modalit\u00e0 di accesso e migliorare l&#8217;erogazione dei servizi, attraverso analisi statistiche.<br \/>\nPotete impostare il vostro browser in modo da essere informati quando ricevete un cookie: potrete cos\u00ec decidere se accettarlo o meno. A questo proposito contattate per informazioni il produttore dei differenti browser.<\/p>\n<p>&nbsp;<\/p>\n<!-- PMB print buttons is only displayed on a single post\/page URLs-->","protected":false},"excerpt":{"rendered":"<p>ECONOMIAeDIRITTO.it \u00e8 una Rivista registrata presso il Tribunale di Milano (Autorizzazione n. 92 del 26.03.2013). Essa rende disponibili informazioni di argomento economico e giuridico e aggiornamenti su iniziative formative ed <\/p>\n","protected":false},"author":1377,"featured_media":0,"parent":0,"menu_order":4,"comment_status":"closed","ping_status":"open","template":"","meta":{"_bbp_topic_count":0,"_bbp_reply_count":0,"_bbp_total_topic_count":0,"_bbp_total_reply_count":0,"_bbp_voice_count":0,"_bbp_anonymous_reply_count":0,"_bbp_topic_count_hidden":0,"_bbp_reply_count_hidden":0,"_bbp_forum_subforum_count":0,"jetpack_post_was_ever_published":false,"footnotes":""},"class_list":["post-1516","page","type-page","status-publish","hentry"],"translation":{"provider":"WPGlobus","version":"3.0.2","language":"es","enabled_languages":["it","en","es"],"languages":{"it":{"title":true,"content":true,"excerpt":false},"en":{"title":false,"content":false,"excerpt":false},"es":{"title":false,"content":false,"excerpt":false}}},"jetpack_sharing_enabled":true,"jetpack_shortlink":"https:\/\/wp.me\/P9CRXF-os","jetpack_likes_enabled":true,"jetpack-related-posts":[],"_links":{"self":[{"href":"https:\/\/www.economiaediritto.it\/es\/wp-json\/wp\/v2\/pages\/1516","targetHints":{"allow":["GET"]}}],"collection":[{"href":"https:\/\/www.economiaediritto.it\/es\/wp-json\/wp\/v2\/pages"}],"about":[{"href":"https:\/\/www.economiaediritto.it\/es\/wp-json\/wp\/v2\/types\/page"}],"author":[{"embeddable":true,"href":"https:\/\/www.economiaediritto.it\/es\/wp-json\/wp\/v2\/users\/1377"}],"replies":[{"embeddable":true,"href":"https:\/\/www.economiaediritto.it\/es\/wp-json\/wp\/v2\/comments?post=1516"}],"version-history":[{"count":3,"href":"https:\/\/www.economiaediritto.it\/es\/wp-json\/wp\/v2\/pages\/1516\/revisions"}],"predecessor-version":[{"id":7421,"href":"https:\/\/www.economiaediritto.it\/es\/wp-json\/wp\/v2\/pages\/1516\/revisions\/7421"}],"wp:attachment":[{"href":"https:\/\/www.economiaediritto.it\/es\/wp-json\/wp\/v2\/media?parent=1516"}],"curies":[{"name":"wp","href":"https:\/\/api.w.org\/{rel}","templated":true}]}}