{"id":3055,"date":"2014-02-18T23:42:01","date_gmt":"2014-02-18T22:42:01","guid":{"rendered":"http:\/\/www.economiaediritto.it\/?page_id=3055"},"modified":"2017-12-27T14:42:01","modified_gmt":"2017-12-27T13:42:01","slug":"network-mp","status":"publish","type":"page","link":"https:\/\/www.economiaediritto.it\/es\/network-mp\/","title":{"rendered":"I vantaggi della consulenza multidisciplinare integrata (CMI)"},"content":{"rendered":"<p style=\"text-align: justify;\"><a title=\"Brochure Network M&amp;P - Studio Melillo\" href=\"http:\/\/www.economiaediritto.it\/wp-content\/uploads\/2014\/02\/Brochure-Full_Studio-Melillo_MP-Network.pdf\" target=\"_blank\" rel=\"noopener\"><img decoding=\"async\" data-attachment-id=\"5635\" data-permalink=\"https:\/\/www.economiaediritto.it\/es\/network-mp\/networkmp1\/\" data-orig-file=\"https:\/\/i0.wp.com\/www.economiaediritto.it\/wp-content\/uploads\/2014\/02\/NetworkMP1.png?fit=658%2C168&amp;ssl=1\" data-orig-size=\"658,168\" data-comments-opened=\"0\" data-image-meta=\"{&quot;aperture&quot;:&quot;0&quot;,&quot;credit&quot;:&quot;&quot;,&quot;camera&quot;:&quot;&quot;,&quot;caption&quot;:&quot;&quot;,&quot;created_timestamp&quot;:&quot;0&quot;,&quot;copyright&quot;:&quot;&quot;,&quot;focal_length&quot;:&quot;0&quot;,&quot;iso&quot;:&quot;0&quot;,&quot;shutter_speed&quot;:&quot;0&quot;,&quot;title&quot;:&quot;&quot;}\" data-image-title=\"NetworkMP1\" data-image-description=\"\" data-image-caption=\"\" data-medium-file=\"https:\/\/i0.wp.com\/www.economiaediritto.it\/wp-content\/uploads\/2014\/02\/NetworkMP1.png?fit=300%2C76&amp;ssl=1\" data-large-file=\"https:\/\/i0.wp.com\/www.economiaediritto.it\/wp-content\/uploads\/2014\/02\/NetworkMP1.png?fit=658%2C168&amp;ssl=1\" tabindex=\"0\" role=\"button\" class=\"alignleft wp-image-5635\" src=\"https:\/\/i0.wp.com\/www.economiaediritto.it\/wp-content\/uploads\/2014\/02\/NetworkMP1.png?resize=212%2C54\" alt=\"NetworkMP1\" width=\"212\" height=\"54\" srcset=\"https:\/\/i0.wp.com\/www.economiaediritto.it\/wp-content\/uploads\/2014\/02\/NetworkMP1.png?w=658&amp;ssl=1 658w, https:\/\/i0.wp.com\/www.economiaediritto.it\/wp-content\/uploads\/2014\/02\/NetworkMP1.png?resize=300%2C76&amp;ssl=1 300w, https:\/\/i0.wp.com\/www.economiaediritto.it\/wp-content\/uploads\/2014\/02\/NetworkMP1.png?resize=600%2C153&amp;ssl=1 600w\" sizes=\"(max-width: 212px) 100vw, 212px\" data-recalc-dims=\"1\" \/><\/a>A causa (o in virt\u00f9) della <strong>globalizzazione<\/strong> e dei processi di <strong>internazionalizzazione<\/strong>, oggi le imprese (piccole, medie e grandi) e gli studi professionali tradizionali che le assistono si trovano ad affrontare problematiche, fino a qualche anno fa impensabili, che richiedono un <strong>approccio di tipo specialistico, multidisciplinare e integrato<\/strong>. La soluzione migliore in questo caso non \u00e8 certo quella di ampliare la propria struttura assumendo nuovo personale (contribuendo cos\u00ec ad incrementare i costi fissi) ma, al contrario, nell&#8217;individuare un <em>partner<\/em>\u00a0esterno serio ed affidabile, oltre che <em>customer oriented,\u00a0<\/em>cui affidare la risoluzione in\u00a0<em><strong>outsourcing<\/strong>\u00a0<\/em>delle questioni complesse. In questo scenario\u00a0lo <strong>specialista<\/strong> non viene pi\u00f9 visto come un <em>competitor<\/em> bens\u00ec come un valido supporto esterno &#8211; una risorse preziosa &#8211; per risolvere i problemi. Problemi che, data la complessit\u00e0 del sistema economico attuale e la difficolt\u00e0 crescente nell&#8217;interpretare le norme nazionali, sempre pi\u00f9 influenzate dalle direttive comunitarie e internazionali, richiedono sempre pi\u00f9 spesso l&#8217;intervento di un <strong><em>team<\/em> di specialisti<\/strong> estremamente competenti ed esperti nelle rispettive materie.<\/p>\n<p style=\"text-align: justify;\">Oggi le imprese e gli studi professionali tradizionali che intendano restare sul mercato\u00a0non possono pi\u00f9 permettersi inefficienze ed errori di valutazione; di conseguenza, in un sistema professionale virtuoso e sostenibile i Clienti saranno sempre pi\u00f9 esigenti ed orientati verso <strong>strutture multidisciplinari e integrate<\/strong> alle quali richiederanno soluzioni concrete ai loro problemi. La risposta migliore verr\u00e0, dunque, dai Professionisti che sapranno ispirarsi ai seguenti principi:\u00a0&#8220;<em>etica<\/em>&#8220;, &#8220;<em>onesta&#8217;<\/em>\u201d, &#8220;<em>professionalit\u00e0<\/em>&#8220;, &#8220;<em>qualit\u00e0&#8221;, &#8220;efficienza<\/em>&#8220;, &#8220;<em>rispetto<\/em>&#8220;, &#8220;<em>condivisione<\/em>&#8220;, &#8220;innovazione&#8221;, &#8220;<em>sostenibilit\u00e0<\/em>&#8220;.<\/p>\n<p style=\"text-align: justify;\"><span style=\"line-height: 1.5em;\">In futuro dunque, come ci dicono i migliori studi nazionali e internazionali, la struttura pi\u00f9 idonea a rispondere alle esigenze del nuovo mercato della consulenza sar\u00e0 la <strong>rete di professionisti super-specializzati<\/strong>.<\/span><span style=\"line-height: 1.5em;\">\u00a0Ed \u00e8 questo l&#8217;obiettivo del nostro\u00a0<a title=\"Brochure Network M&amp;P - Studio Melillo\" href=\"http:\/\/www.economiaediritto.it\/wp-content\/uploads\/2014\/02\/Brochure-Full_Studio-Melillo_MP-Network.pdf\" target=\"_blank\" rel=\"noopener\"><em><strong>Network M&amp;P<\/strong><\/em><\/a>.<\/span><\/p>\n<p style=\"text-align: justify;\">Il\u00a0<a title=\"Brochure Network M&amp;P - Studio Melillo\" href=\"http:\/\/www.economiaediritto.it\/wp-content\/uploads\/2014\/02\/Brochure-Full_Studio-Melillo_MP-Network.pdf\" target=\"_blank\" rel=\"noopener\"><em><strong>Network M&amp;P<\/strong><\/em><\/a>\u00a0\u00e8 una rete di Professionisti indipendenti in grado di offrire ad imprese, professionisti,\u00a0<em>manager<\/em>\u00a0e istituzioni (pubbliche e private) la cosiddetta\u00a0<strong>C.M.I.<\/strong>\u00a0(<strong>Consulenza Multidisciplinare Integrata<\/strong>) in tutti i campi dell&#8217;Economia, del Diritto e della Fiscalit\u00e0, in ambito\u00a0<strong>Nazionale, Comunitario e Internazionale<\/strong>. I Professionisti del\u00a0<a title=\"Brochure Network M&amp;P - Studio Melillo\" href=\"http:\/\/www.economiaediritto.it\/wp-content\/uploads\/2014\/02\/Brochure-Full_Studio-Melillo_MP-Network.pdf\" target=\"_blank\" rel=\"noopener\"><em><strong>Network M&amp;P<\/strong><\/em><\/a>\u00a0agiscono nella pi\u00f9 totale autonomia e indipendenza, ispirandosi a solidi e condivisi principi di efficienza, etica e deontologia, con l&#8217;obiettivo primario di raggiungere il massimo risultato con una gestione efficiente delle risorse. I Professionisti del\u00a0<a title=\"Brochure Network M&amp;P - Studio Melillo\" href=\"http:\/\/www.economiaediritto.it\/wp-content\/uploads\/2014\/02\/Brochure-Full_Studio-Melillo_MP-Network.pdf\" target=\"_blank\" rel=\"noopener\"><em><strong>Network M&amp;P<\/strong><\/em><\/a><strong>\u00a0<\/strong>operano in diverse aree del Paese, nonch\u00e9 oltrefrontiera, ed hanno maturato esperienze pluriennali estremamente qualificanti nei rispettivi settori, grazie alle quali sono in grado di assistere qualsiasi tipologia di clientela nonch\u00e9 di fornire pareri e consulenze sia\u00a0<em>on line<\/em>\u00a0(es. via\u00a0<em>e-mail<\/em>,\u00a0<em>conference call<\/em>,\u00a0<em>video-call<\/em>,\u00a0ecc.), sia\u00a0<em>on site<\/em>\u00a0(presso la sede del Cliente, il proprio studio, ecc.).<\/p>\n<p style=\"text-align: justify;\">Il\u00a0<a title=\"Brochure Network M&amp;P - Studio Melillo\" href=\"http:\/\/www.economiaediritto.it\/wp-content\/uploads\/2014\/02\/Brochure-Full_Studio-Melillo_MP-Network.pdf\" target=\"_blank\" rel=\"noopener\"><em><strong>Network M&amp;P<\/strong><\/em><\/a>\u00a0opera a 360\u00b0, in Italia e all&#8217;estero, e si avvale del contributo scientifico del\u00a0<strong>Centro Studi di Economia e Diritto &#8211; Ce.S.E.D.<\/strong>, Associazione Scientifico-Culturale che promuove progetti di pubblicistica, formazione, ricerca e sviluppo in campo economico-giuridico e tributario.<\/p>\n<p style=\"text-align: justify;\">Il <a title=\"Brochure Network M&amp;P - Studio Melillo\" href=\"http:\/\/www.economiaediritto.it\/wp-content\/uploads\/2014\/02\/Brochure-Full_Studio-Melillo_MP-Network.pdf\" target=\"_blank\" rel=\"noopener\"><em><strong>Network M&amp;P<\/strong><\/em><\/a>\u00a0si avvale, altres\u00ec, del prezioso supporto editoriale della Rivista digitale <em>free<\/em>\u00a0<strong>ECONOMIAeDIRITTO.it<\/strong>,\u00a0iscritta al Tribunale di Milano, quale organo indipendente (e gratuito) di divulgazione di analisi, spunti e riflessioni su temi Economico-Giuridici e Tributari, che vanta un Comitato Scientifico internazionale estremamente autorevole, costituito da docenti universitari italiani e stranieri nonch\u00e9 da esponenti di importanti Istituzioni nazionali ed Estere.<\/p>\n<hr \/>\n<p style=\"text-align: justify;\"><strong>Il Fondatore e <em>Managing Partner<\/em>:<\/strong><\/p>\n<p style=\"text-align: justify;\"><strong><a href=\"https:\/\/i0.wp.com\/www.economiaediritto.it\/wp-content\/uploads\/2014\/02\/Primo-piano.jpg\"><img decoding=\"async\" data-attachment-id=\"5666\" data-permalink=\"https:\/\/www.economiaediritto.it\/es\/network-mp\/primo-piano\/\" data-orig-file=\"https:\/\/i0.wp.com\/www.economiaediritto.it\/wp-content\/uploads\/2014\/02\/Primo-piano.jpg?fit=1349%2C1393&amp;ssl=1\" data-orig-size=\"1349,1393\" data-comments-opened=\"0\" data-image-meta=\"{&quot;aperture&quot;:&quot;4.1&quot;,&quot;credit&quot;:&quot;&quot;,&quot;camera&quot;:&quot;COOLPIX S9300&quot;,&quot;caption&quot;:&quot;&quot;,&quot;created_timestamp&quot;:&quot;1385126101&quot;,&quot;copyright&quot;:&quot;&quot;,&quot;focal_length&quot;:&quot;6.9&quot;,&quot;iso&quot;:&quot;1000&quot;,&quot;shutter_speed&quot;:&quot;0.033333333333333&quot;,&quot;title&quot;:&quot;&quot;}\" data-image-title=\"C. Melillo\" data-image-description=\"\" data-image-caption=\"\" data-medium-file=\"https:\/\/i0.wp.com\/www.economiaediritto.it\/wp-content\/uploads\/2014\/02\/Primo-piano.jpg?fit=290%2C300&amp;ssl=1\" data-large-file=\"https:\/\/i0.wp.com\/www.economiaediritto.it\/wp-content\/uploads\/2014\/02\/Primo-piano.jpg?fit=700%2C723&amp;ssl=1\" tabindex=\"0\" role=\"button\" class=\"alignleft wp-image-5666\" src=\"https:\/\/i0.wp.com\/www.economiaediritto.it\/wp-content\/uploads\/2014\/02\/Primo-piano.jpg?resize=203%2C210\" alt=\"C. Melillo\" width=\"203\" height=\"210\" srcset=\"https:\/\/i0.wp.com\/www.economiaediritto.it\/wp-content\/uploads\/2014\/02\/Primo-piano.jpg?w=1349&amp;ssl=1 1349w, https:\/\/i0.wp.com\/www.economiaediritto.it\/wp-content\/uploads\/2014\/02\/Primo-piano.jpg?resize=290%2C300&amp;ssl=1 290w, https:\/\/i0.wp.com\/www.economiaediritto.it\/wp-content\/uploads\/2014\/02\/Primo-piano.jpg?resize=991%2C1024&amp;ssl=1 991w, https:\/\/i0.wp.com\/www.economiaediritto.it\/wp-content\/uploads\/2014\/02\/Primo-piano.jpg?resize=600%2C619&amp;ssl=1 600w\" sizes=\"(max-width: 203px) 100vw, 203px\" data-recalc-dims=\"1\" \/><\/a><\/strong><\/p>\n<p style=\"text-align: justify;\"><strong>Claudio Melillo (<a href=\"http:\/\/www.economiaediritto.it\/wp-content\/uploads\/2013\/11\/2015_16-02_Melillo-Partners_Studio-Legale-Tributario_Milano.pdf\" target=\"_blank\" rel=\"noopener\">Studio Melillo<\/a> \u2013 <em><a href=\"http:\/\/www.economiaediritto.it\/network-mp\/\">Network M&amp;P<\/a><\/em>)<\/strong><\/p>\n<p style=\"text-align: justify;\">Laureatosi a pieni voti in Economia Aziendale all\u2019Universit\u00e0 LIUC di Castellanza, ha conseguito una seconda laurea specialistica a pieni voti in Scienze dell\u2019Amministrazione presso l\u2019Universit\u00e0 degli Studi di Torino e, da ultimo, un Dottorato di Ricerca (<em>Ph.D.<\/em>) in \u201c<em>Diritto Tributario<\/em>\u201d presso la Seconda Universit\u00e0 di Napoli, nell\u2019ambito del quale ha svolto un periodo di studio presso il Centro di Ricerche Tributarie dell\u2019Impresa (Ce.R.T.I.) della Bocconi di Milano, specializzandosi in Diritto Tributario Comunitario e Internazionale. Ha conseguito l\u2019abilitazione come Dottore Commercialista ed \u00e8 titolare dello <a href=\"http:\/\/www.economiaediritto.it\/wp-content\/uploads\/2013\/11\/2015_16-02_Melillo-Partners_Studio-Legale-Tributario_Milano.pdf\" target=\"_blank\" rel=\"noopener\">Studio Melillo<\/a>, con sede nell\u2019Alto Milanese, operante nel settore della consulenza e assistenza tributaria, con particolare riguardo alla <em>Tax Governance<\/em>, al <em>Tax Risk Management<\/em> e al Contenzioso Tributario. \u00c8, altres\u00ec, fondatore e <em>Managing Partner<\/em> del <em><a href=\"http:\/\/www.economiaediritto.it\/network-mp\/\">Network M&amp;P<\/a><\/em>, rete internazionale di professionisti indipendenti, che offre servizi di Consulenza Multidisciplinare Integrata (C.M.I.) nelle aree <em>Tax, Legal &amp; Organization<\/em> a persone fisiche, imprese ed enti di qualsiasi dimensione e complessit\u00e0 (incluse le <em>start-up<\/em>). \u00c8 Presidente e Direttore Scientifico del <a href=\"http:\/\/www.economiaediritto.it\/centro-studi\/aderisci-al-ce-s-e-d\/\">Centro Studi di Economia e Diritto \u2013 Ce.S.E.D.<\/a>, Associazione culturale senza scopo di lucro che fornisce supporto scientifico qualificato ai professionisti del <em><a href=\"http:\/\/www.economiaediritto.it\/network-mp\/\">Network M&amp;P<\/a><\/em>. Per molti anni si \u00e8 occupato di formazione e pubblicistica in materia societaria, tributaria e penale e, dal 2013, \u00e8 Direttore Editoriale della Rivista digitale <em>free<\/em> <a href=\"http:\/\/www.economiaediritto.it\/\">ECONOMIAeDIRITTO.it<\/a>. Per oltre 15 anni ha prestato servizio in qualit\u00e0 di Ufficiale di Polizia Tributaria e Giudiziaria presso la Guardia di Finanza, maturando una consolidata esperienza nel settore delle verifiche fiscali e delle complesse indagini economico-finanziarie e penali. \u00c8 tra i maggiori esperti italiani di Criminologia Economico-Tributaria e coordina, a tal riguardo, un progetto di ricerca nell\u2019ambito del <a href=\"http:\/\/www.economiaediritto.it\/centro-studi\/aderisci-al-ce-s-e-d\/\">Centro Studi di Economia e Diritto \u2013 Ce.S.E.D.<\/a>. In qualit\u00e0 di <em>Director<\/em> dell\u2019area <em>TAX<\/em>\u00a0e <em>Managing Partner<\/em> del <em><a href=\"http:\/\/www.economiaediritto.it\/network-mp\/\">Network M&amp;P<\/a> <\/em>coordina le seguenti attivit\u00e0:<\/p>\n<p>Area <em><strong>TAX<\/strong><\/em>\u00a0del <em><a href=\"http:\/\/www.economiaediritto.it\/network-mp\/\">Network M&amp;P<\/a><\/em>:<\/p>\n<ul style=\"text-align: justify;\">\n<li>Internazionalizzazione e relativa Fiscalit\u00e0;<\/li>\n<li>Fiscalit\u00e0 nazionale, comunitaria e internazionale;<\/li>\n<li><em>Tax Risk Management<\/em> (<em>Tax Audit<\/em>, <em>Check-Up<\/em> fiscali, simulazione di verifiche, ecc.);<\/li>\n<li><em>Tax Compliance<\/em> (<em>Policy transfer pricing<\/em>, <em>policy<\/em> residenza, <em>policy governance<\/em> societaria, ecc.);<\/li>\n<li>Assistenza durante le verifiche fiscali e nei rapporti con il Fisco;<\/li>\n<li>Pre-analisi di PVC e\/o PVV di Guardia di Finanza e\/o Agenzia delle Entrate.<\/li>\n<li>Pre-analisi di avvisi di accertamento e cartelle di Equitalia;<\/li>\n<li>IRPeF, IReS, IRAP, IVA, altre imposte indirette e tributi locali;<\/li>\n<li>Attivit\u00e0 pre-contenziosa;<\/li>\n<li>Reclamo, mediazione e contenzioso tributario;<\/li>\n<li>Contenzioso penale-tributario;<\/li>\n<li>Diritto doganale;<\/li>\n<li>Fiscalit\u00e0 del commercio elettronico;<\/li>\n<li>IVA internazionale;<\/li>\n<li>Agevolazioni e incentivi fiscali;<\/li>\n<li><em>Check up<\/em> per l\u2019ottimizzazione e l\u2019efficienza fiscale;<\/li>\n<li><em>Check-Up<\/em> dei rischi fiscali nei rapporti nazionali e internazionali;<\/li>\n<li>Crisi d\u2019impresa e adempimenti fiscali;<\/li>\n<li><em>Transfer pricing<\/em> e rapporti<em> intercompany<\/em>;<\/li>\n<li>Residenza fiscale ed esterovestizione;<\/li>\n<li>Delocalizzazione ed <em>exit tax<\/em>;<\/li>\n<li>Stabile organizzazione;<\/li>\n<li>Crediti per imposte pagate all\u2019estero;<\/li>\n<li>Paradisi fiscali, costi da Paesi <em>black list<\/em> e CFC;<\/li>\n<li>Investimenti detenuti all\u2019estero;<\/li>\n<li>Fiscalit\u00e0 Ambientale;<\/li>\n<li>Convenzioni contro le doppie imposizioni;<\/li>\n<li>Direttive comunitarie e trattati internazionali;<\/li>\n<li>Risoluzione delle controversie tributarie riguardanti i rapporti con l\u2019estero;<\/li>\n<li>Interpelli e <em>ruling<\/em> di <em>standard<\/em> internazionale;<\/li>\n<li>Implementazione di modelli di <em>Tax Control Framework<\/em><em>;<\/em><\/li>\n<li>Contabilit\u00e0, bilancio e dichiarazioni fiscali e previdenziali;<\/li>\n<li>Consulenza del lavoro, paghe e contributi;<\/li>\n<li>Pareristica;<\/li>\n<li>Formazione specialistica.<\/li>\n<\/ul>\n<p>Area <strong><em>LEGAL<\/em> <\/strong>del <em><a href=\"http:\/\/www.economiaediritto.it\/network-mp\/\">Network M&amp;P<\/a><\/em>:<\/p>\n<ul style=\"text-align: justify;\">\n<li>Contrattualistica nazionale ed internazionale;<\/li>\n<li>Diritto societario;<\/li>\n<li>Crisi d\u2019impresa e soluzioni legali;<\/li>\n<li><em>Real Estate;<\/em><\/li>\n<li>Anomalie finanziarie (anatocismo, usura, ecc.);<\/li>\n<li>Diritto industriale;<\/li>\n<li>Diritto civile;<\/li>\n<li>Diritto commerciale.<\/li>\n<li>Pareristica;<\/li>\n<li>Formazione specialistica.<\/li>\n<\/ul>\n<p>Area <b><i>MANAGEMENT\u00a0<\/i><\/b>del <em><a href=\"http:\/\/www.economiaediritto.it\/network-mp\/\">Network M&amp;P<\/a><\/em>:<\/p>\n<ul style=\"text-align: justify;\">\n<li>Internazionalizzazione e\/o delocalizzazione d\u2019impresa;<\/li>\n<li><em>Marketing<\/em> e relazioni internazionali;<\/li>\n<li>Crisi d\u2019impresa e soluzioni aziendalistiche;<\/li>\n<li>Finanza agevolata e progettazione europea (es., <em>Horizon<\/em> 2020, COSME, ecc.);<\/li>\n<li>Organizzazione aziendale;<\/li>\n<li><em>Information &amp; Communication Technology<\/em><\/li>\n<li>Finanza aziendale e servizi di tesoreria;<\/li>\n<li><em>Outsourcing<\/em> dei servizi amministrativi;<\/li>\n<li><em>Business Plan<\/em>;<\/li>\n<li>Reti di imprese;<\/li>\n<li><em>Project Management<\/em> e innovazione Organizzativa;<\/li>\n<li><em>Service Design<\/em>: progettazione e riprogettazione dei servizi, dei prodotti e dei siti <em>web<\/em>;<\/li>\n<li>Analisi e reingegnerizzazione processi e procedure organizzative;<\/li>\n<li><em>Check up<\/em> organizzativi;<\/li>\n<li><em>Business Intelligence<\/em> aziendale;<\/li>\n<li>Implementazione Sistemi di Gestione per la Qualit\u00e0 e Sistemi Integrati;<\/li>\n<li>Pareristica;<\/li>\n<li>Formazione specialistica.<\/li>\n<\/ul>\n<hr \/>\n<p style=\"text-align: justify;\"><strong>COME RICHIEDERE CONSULENZA E ASSISTENZA DA PARTE DEL <em>NETWORK M&amp;P<\/em>:<\/strong><\/p>\n<p style=\"text-align: justify;\">Per richiedere senza impegno un parere preliminare, un\u00a0<em>check-up<\/em>\u00a0o una\u00a0<strong>Consulenza Multidisciplinare Integrata (CMI)<\/strong>\u00a0al\u00a0<a title=\"Brochure Network M&amp;P - Studio Melillo\" href=\"http:\/\/www.economiaediritto.it\/wp-content\/uploads\/2014\/02\/Brochure-Full_Studio-Melillo_MP-Network.pdf\" target=\"_blank\" rel=\"noopener\"><em><strong>Network M&amp;P<\/strong><\/em><\/a><em>\u00a0<\/em>\u00e8 sufficiente inviare una\u00a0<em>e-mail<\/em>\u00a0a\u00a0<a title=\"Scrivi al Network M&amp;P\" href=\"mailto:\/\/networkm&amp;p@economiaediritto.it\" target=\"_blank\" rel=\"noopener\"><strong>networkmp@economiaediritto.it<\/strong><\/a>, specificando, in sintesi, la problematica da affrontare e lasciando il proprio recapito di cellulare e di posta elettronica. In pochissimo tempo un membro un membro del\u00a0<a title=\"Brochure Network M&amp;P - Studio Melillo\" href=\"http:\/\/www.economiaediritto.it\/wp-content\/uploads\/2014\/02\/Brochure-Full_Studio-Melillo_MP-Network.pdf\" target=\"_blank\" rel=\"noopener\"><em><strong>Network M&amp;P<\/strong><\/em><\/a><strong>\u00a0<\/strong>si metter\u00e0 in contatto con Voi per risolvere la Vostra problematica.<\/p>\n<p style=\"text-align: justify;\">Le condizioni del servizio verranno concordate direttamente con il Professionista di riferimento\u00a0in base alla complessit\u00e0 della problematica da affrontare.\u00a0Il servizio \u00e8 reso in maniera assolutamente autonoma dal singolo Professionista interpellato (operante singolarmente ovvero in\u00a0<em>team<\/em>\u00a0con altri Professionisti, nel caso in cui la problematica lo richieda) in adesione alle norme deontologiche proprie della categoria di afferenza.<\/p>\n<p style=\"text-align: justify;\"><strong><a title=\"Brochure Network M&amp;P - Studio Melillo\" href=\"http:\/\/www.economiaediritto.it\/wp-content\/uploads\/2014\/02\/Brochure-Full_Studio-Melillo_MP-Network.pdf\" target=\"_blank\" rel=\"noopener\">Scarica la Brochure del <em>Network M&amp;P<\/em><\/a><\/strong><\/p>\n<p>***<\/p>\n<p><strong>PERCHE&#8217; CONVIENE AVVALERSI DELLA CONSULENZA SPECIALIZZATA (di Claudio Melillo)<\/strong><\/p>\n<p><b>Chi sarebbe disposto a farsi curare una malattia rara dal medico di famiglia o da un medico generico conosciuto per caso?<\/b><\/p>\n<p><b>La risposta \u00e8: NESSUNO! Chiunque si rivolgerebbe &#8211; giustamente &#8211; ad uno specialista.<\/b><\/p>\n<p><strong>La stessa regola vale per le questioni di natura tributaria! Non avrebbe senso affidare le proprie vicende fiscali, che incidono talvolta gravemente sulla propria situazione finanziaria, al primo che capita ovvero al commercialista \/ avvocato generalista.<\/strong><\/p>\n<p>Ma come si fa a distinguere uno specialista da un generalista? Non certo leggendo la targa sulla porta dello studio!<\/p>\n<p>Per capire davvero chi si ha di fronte occorre (a titolo esemplificativo e non esaustivo): conoscere la storia del professionista, verificare dove ha studiato, dove ha lavorato e per chi, se ha fatto ricerca, se e dove ha pubblicato l&#8217;esito della sua ricerca, se e dove ha superato esami, concorsi e\/o selezioni pubbliche e\/o private, se ha acquisito titoli prestigiosi, se partecipa o ha partecipato alle attivit\u00e0 istituzionali dell&#8217;Ordine professionale di appartenenza, se partecipa o ha partecipato ad attivit\u00e0 formative, seminari e convegni in qualit\u00e0 di docente e\/o relatore, ecc.<\/p>\n<p>Naturalmente le fonti informative possono essere diverse: dai motori di ricerca ai <em>social network <\/em>(es. LinkedIn), passando attraverso l&#8217;eventuale sito internet personale.<\/p>\n<p>Per completezza, riporto di seguito alcune riflessioni che ho letto in un articolo di Andrea Ramoni del 27 dicembre 2017, che interpretano bene il mio pensiero sulla specializzazione professionale.<\/p>\n<p>&#8220;<em>Decenni di professione, hanno visto nascere, crescere e consolidarsi studi, facendo esclusivamente leva sui servizi<\/em><br \/>\n<em>tradizionali: pacchetto completo contabilit\u00e0 pi\u00f9 dichiarativi. Nulla o poco di pi\u00f9. Minori esigenze delle imprese, da un\u00a0<\/em><em>lato, e capacit\u00e0 di fare massa critica, dall\u2019altra, facevano contenti tutti. <strong>Ma lo scenario \u00e8 tremendamente cambiato e non\u00a0c\u2019\u00e8 chi non se ne sia accorto.<\/strong><\/em><br \/>\n<em>Precompilata, che nelle intenzioni del legislatore sar\u00e0 allargata a macchia d\u2019olio ad altri contribuenti. Dichiarazione IVA,\u00a0per la quale ci troveremo presto adunati a celebrarne le esequie.<\/em><br \/>\n<em>Servizi di fatturazione in cloud, integrati con quelli di archiviazione digitale dei documenti e fatturazione elettronica,\u00a0<\/em><em>obbligatoria dal 2019 per i rapporti B2B, saranno apprezzati dai millenials molto pi\u00f9 di quanto possano esserlo due\u00a0<\/em><em>fermate di autobus per portarci le fatture in studio.<\/em><br \/>\n<em>Il tutto in un contesto in cui riserve di legge per la professione ordinistica, di fatto, non ce ne sono. <strong>O ci si specializza, o\u00a0<\/strong><\/em><em><strong>si esce dal mercato. Punto<\/strong>. Ma \u00e8 giusto che sia cos\u00ec. Del resto, nemmeno possiamo dirci bravi in tutto, se consideriamo\u00a0<\/em><em>che le competenze che dobbiamo presidiare spaziano dalle procedure concorsuali al contenzioso tributario, dalla\u00a0<\/em><em>finanza d&#8217;impresa alle operazioni straordinarie, solo per citarne alcune.<\/em><br \/>\n<em>Non attendiamo una legge. Non serve. Anzi, per certi versi, \u00e8 controproducente.<\/em><br \/>\n<strong><em>La specializzazione, quella per cui suoneranno al nostro campanello e non a quello di un altro, \u00e8 tanto nella formazione,\u00a0<\/em><\/strong><em><strong>quanto negli anni che vi abbiamo dedicato nell\u2019attivit\u00e0 di studio<\/strong>.\u00a0<\/em><em>Prima iniziamo, meglio \u00e8.<\/em><br \/>\n<em>Sono anni che se ne dibatte, ma sono anni che si \u00e8 fatto poco. Certo la specializzazione costa sacrifici, prima che denaro.<\/em><br \/>\n<em>Difficile per\u00f2 immaginare che possa considerarsi un lusso. Anche le posizioni di mercato rassicuranti, tra qualche anno,\u00a0<\/em><em>dovranno molto probabilmente rivedere il proprio modello di business.<\/em><br \/>\n<em>Con i dovuti distinguo, ricordiamoci che Kodak \u00e8 sparita dal mercato per mancanza di lungimiranza sull\u2019evoluzione del\u00a0<\/em><em>settore. E, qualcun altro, nel frattempo, ha creato Instagram<\/em>.&#8221;<\/p>\n<!-- PMB print buttons is only displayed on a single post\/page URLs-->","protected":false},"excerpt":{"rendered":"<p>A causa (o in virt\u00f9) della globalizzazione e dei processi di internazionalizzazione, oggi le imprese (piccole, medie e grandi) e gli studi professionali tradizionali che le assistono si trovano ad <\/p>\n","protected":false},"author":1377,"featured_media":0,"parent":0,"menu_order":7,"comment_status":"closed","ping_status":"open","template":"","meta":{"_bbp_topic_count":0,"_bbp_reply_count":0,"_bbp_total_topic_count":0,"_bbp_total_reply_count":0,"_bbp_voice_count":0,"_bbp_anonymous_reply_count":0,"_bbp_topic_count_hidden":0,"_bbp_reply_count_hidden":0,"_bbp_forum_subforum_count":0,"jetpack_post_was_ever_published":false,"footnotes":""},"class_list":["post-3055","page","type-page","status-publish","hentry"],"translation":{"provider":"WPGlobus","version":"3.0.2","language":"es","enabled_languages":["it","en","es"],"languages":{"it":{"title":true,"content":true,"excerpt":false},"en":{"title":false,"content":false,"excerpt":false},"es":{"title":false,"content":false,"excerpt":false}}},"jetpack_sharing_enabled":true,"jetpack_shortlink":"https:\/\/wp.me\/P9CRXF-Nh","jetpack_likes_enabled":true,"jetpack-related-posts":[],"_links":{"self":[{"href":"https:\/\/www.economiaediritto.it\/es\/wp-json\/wp\/v2\/pages\/3055","targetHints":{"allow":["GET"]}}],"collection":[{"href":"https:\/\/www.economiaediritto.it\/es\/wp-json\/wp\/v2\/pages"}],"about":[{"href":"https:\/\/www.economiaediritto.it\/es\/wp-json\/wp\/v2\/types\/page"}],"author":[{"embeddable":true,"href":"https:\/\/www.economiaediritto.it\/es\/wp-json\/wp\/v2\/users\/1377"}],"replies":[{"embeddable":true,"href":"https:\/\/www.economiaediritto.it\/es\/wp-json\/wp\/v2\/comments?post=3055"}],"version-history":[{"count":21,"href":"https:\/\/www.economiaediritto.it\/es\/wp-json\/wp\/v2\/pages\/3055\/revisions"}],"predecessor-version":[{"id":7910,"href":"https:\/\/www.economiaediritto.it\/es\/wp-json\/wp\/v2\/pages\/3055\/revisions\/7910"}],"wp:attachment":[{"href":"https:\/\/www.economiaediritto.it\/es\/wp-json\/wp\/v2\/media?parent=3055"}],"curies":[{"name":"wp","href":"https:\/\/api.w.org\/{rel}","templated":true}]}}