{"id":3647,"date":"2014-02-26T11:04:24","date_gmt":"2014-02-26T10:04:24","guid":{"rendered":"http:\/\/www.economiaediritto.it\/?page_id=3647"},"modified":"2016-08-24T10:39:01","modified_gmt":"2016-08-24T08:39:01","slug":"obiettivi-cesed","status":"publish","type":"page","link":"https:\/\/www.economiaediritto.it\/es\/centro-studi\/organizzazione-cesed\/obiettivi-cesed\/","title":{"rendered":"Obiettivi"},"content":{"rendered":"<div class=\"wpb_row row-fluid\">\n\t<div class=\"span6 wpb_column column_container\">\n\t\t<div class=\"wpb_wrapper\">\n\t\t\t\n\t<div class=\"wpb_text_column wpb_content_element \">\n\t\t<div class=\"wpb_wrapper\">\n\t\t\t\n<p><a href=\"https:\/\/i0.wp.com\/www.economiaediritto.it\/wp-content\/uploads\/2012\/12\/Ce.S.E.D._logo.png\"><img decoding=\"async\" data-attachment-id=\"4244\" data-permalink=\"https:\/\/www.economiaediritto.it\/es\/centro-studi\/ce-s-e-d-_logo\/\" data-orig-file=\"https:\/\/i0.wp.com\/www.economiaediritto.it\/wp-content\/uploads\/2012\/12\/Ce.S.E.D._logo.png?fit=660%2C239&amp;ssl=1\" data-orig-size=\"660,239\" data-comments-opened=\"0\" data-image-meta=\"{&quot;aperture&quot;:&quot;0&quot;,&quot;credit&quot;:&quot;&quot;,&quot;camera&quot;:&quot;&quot;,&quot;caption&quot;:&quot;&quot;,&quot;created_timestamp&quot;:&quot;0&quot;,&quot;copyright&quot;:&quot;&quot;,&quot;focal_length&quot;:&quot;0&quot;,&quot;iso&quot;:&quot;0&quot;,&quot;shutter_speed&quot;:&quot;0&quot;,&quot;title&quot;:&quot;&quot;}\" data-image-title=\"Ce.S.E.D.\" data-image-description=\"&lt;p&gt;Ce.S.E.D.&lt;\/p&gt;\n\" data-image-caption=\"\" data-medium-file=\"https:\/\/i0.wp.com\/www.economiaediritto.it\/wp-content\/uploads\/2012\/12\/Ce.S.E.D._logo.png?fit=300%2C108&amp;ssl=1\" data-large-file=\"https:\/\/i0.wp.com\/www.economiaediritto.it\/wp-content\/uploads\/2012\/12\/Ce.S.E.D._logo.png?fit=660%2C239&amp;ssl=1\" tabindex=\"0\" role=\"button\" class=\"size-medium wp-image-4244 alignleft\" alt=\"Ce.S.E.D.\" src=\"https:\/\/i0.wp.com\/www.economiaediritto.it\/wp-content\/uploads\/2012\/12\/Ce.S.E.D._logo-300x108.png?resize=300%2C108\" width=\"300\" height=\"108\" srcset=\"https:\/\/i0.wp.com\/www.economiaediritto.it\/wp-content\/uploads\/2012\/12\/Ce.S.E.D._logo.png?resize=300%2C108&amp;ssl=1 300w, https:\/\/i0.wp.com\/www.economiaediritto.it\/wp-content\/uploads\/2012\/12\/Ce.S.E.D._logo.png?w=660&amp;ssl=1 660w\" sizes=\"(max-width: 300px) 100vw, 300px\" data-recalc-dims=\"1\" \/><\/a><\/p>\n\n\t\t<\/div> \n\t<\/div> \n\t\t<\/div> \n\t<\/div> \n\n\t<div class=\"span6 wpb_column column_container\">\n\t\t<div class=\"wpb_wrapper\">\n\t\t\t\n\t\t<\/div> \n\t<\/div> \n<\/div><div class=\"wpb_row row-fluid\">\n\t<div class=\"span3 wpb_column column_container\">\n\t\t<div class=\"wpb_wrapper\">\n\t\t\t<div class=\"vc_wp_custommenu wpb_content_element\"><div class=\"widget widget_nav_menu\"><div class=\"menu-ce-s-e-d-container\"><ul id=\"menu-ce-s-e-d\" class=\"menu\"><li id=\"menu-item-4147\" class=\"menu-item menu-item-type-post_type menu-item-object-page menu-item-has-children menu-item-first menu-item-4147\"><a href=\"https:\/\/www.economiaediritto.it\/es\/centro-studi\/organizzazione-cesed\/\">ORGANIZZAZIONE<\/a>\n<ul class=\"sub-menu\">\n\t<li id=\"menu-item-4148\" class=\"menu-item menu-item-type-post_type menu-item-object-page menu-item-4148\"><a href=\"https:\/\/www.economiaediritto.it\/es\/centro-studi\/organizzazione-cesed\/obiettivi-cesed\/\">> Obiettivi<\/a><\/li>\n\t<li id=\"menu-item-4149\" class=\"menu-item menu-item-type-post_type menu-item-object-page menu-item-4149\"><a href=\"https:\/\/www.economiaediritto.it\/es\/centro-studi\/organizzazione-cesed\/direzione-scientifica\/\">> Direzione Scientifica<\/a><\/li>\n\t<li id=\"menu-item-4188\" class=\"menu-item menu-item-type-custom menu-item-object-custom menu-item-4188\"><a href=\"#\">> Comitato Scientifico<\/a><\/li>\n\t<li id=\"menu-item-4150\" class=\"menu-item menu-item-type-post_type menu-item-object-page menu-item-4150\"><a href=\"https:\/\/www.economiaediritto.it\/es\/centro-studi\/organizzazione-cesed\/atto-costitutivo-e-statuto-sociale\/\">> Statuto<\/a><\/li>\n<\/ul>\n<\/li>\n<li id=\"menu-item-4219\" class=\"menu-item menu-item-type-post_type menu-item-object-page menu-item-4219\"><a href=\"https:\/\/www.economiaediritto.it\/es\/centro-studi\/alta-formazione-cesed\/\" title=\"alta-formazione\">ALTA FORMAZIONE<\/a><\/li>\n<li id=\"menu-item-4189\" class=\"menu-item menu-item-type-taxonomy menu-item-object-category menu-item-has-children menu-item-4189\"><a href=\"https:\/\/www.economiaediritto.it\/es\/category\/accordi-e-convenzioni\/\">ACCORDI E CONVENZIONI<\/a>\n<ul class=\"sub-menu\">\n\t<li id=\"menu-item-4193\" class=\"menu-item menu-item-type-taxonomy menu-item-object-category menu-item-4193\"><a href=\"https:\/\/www.economiaediritto.it\/es\/category\/accordi-e-convenzioni\/enti-pubblici\/\">> Enti Pubblici<\/a><\/li>\n\t<li id=\"menu-item-4192\" class=\"menu-item menu-item-type-taxonomy menu-item-object-category menu-item-4192\"><a href=\"https:\/\/www.economiaediritto.it\/es\/category\/accordi-e-convenzioni\/banche-accordi-e-convenzioni\/\">> Banche<\/a><\/li>\n\t<li id=\"menu-item-4190\" class=\"menu-item menu-item-type-taxonomy menu-item-object-category menu-item-4190\"><a href=\"https:\/\/www.economiaediritto.it\/es\/category\/accordi-e-convenzioni\/alberghi\/\">> Alberghi<\/a><\/li>\n\t<li id=\"menu-item-4194\" class=\"menu-item menu-item-type-taxonomy menu-item-object-category menu-item-4194\"><a href=\"https:\/\/www.economiaediritto.it\/es\/category\/accordi-e-convenzioni\/ristoranti\/\">> Ristoranti<\/a><\/li>\n\t<li id=\"menu-item-4191\" class=\"menu-item menu-item-type-taxonomy menu-item-object-category menu-item-4191\"><a href=\"https:\/\/www.economiaediritto.it\/es\/category\/accordi-e-convenzioni\/altri-servizi\/\">> Altri Servizi<\/a><\/li>\n<\/ul>\n<\/li>\n<li id=\"menu-item-4198\" class=\"menu-item menu-item-type-taxonomy menu-item-object-category menu-item-has-children menu-item-4198\"><a href=\"https:\/\/www.economiaediritto.it\/es\/category\/ricerca-sviluppo\/\" title=\"ricerca&#038;sviluppo\">RICERCA E SVILUPPO<\/a>\n<ul class=\"sub-menu\">\n\t<li id=\"menu-item-4196\" class=\"menu-item menu-item-type-taxonomy menu-item-object-category menu-item-4196\"><a href=\"https:\/\/www.economiaediritto.it\/es\/category\/ricerca-sviluppo\/criminologia-criminalistica-tributaria-ricerca-sviluppo\/\">> Criminologia e Criminalistica Tributaria<\/a><\/li>\n\t<li id=\"menu-item-4197\" class=\"menu-item menu-item-type-taxonomy menu-item-object-category menu-item-4197\"><a href=\"https:\/\/www.economiaediritto.it\/es\/category\/ricerca-sviluppo\/economia-sostenibile\/\">> Economia Sostenibile<\/a><\/li>\n\t<li id=\"menu-item-4199\" class=\"menu-item menu-item-type-taxonomy menu-item-object-category menu-item-4199\"><a href=\"https:\/\/www.economiaediritto.it\/es\/category\/ricerca-sviluppo\/smart-city-ricerca-sviluppo\/\">> Smart City<\/a><\/li>\n<\/ul>\n<\/li>\n<li id=\"menu-item-4200\" class=\"menu-item menu-item-type-post_type menu-item-object-page menu-item-4200\"><a href=\"https:\/\/www.economiaediritto.it\/es\/centro-studi\/aderisci-al-ce-s-e-d\/\" title=\"diventa-socio-cesed\">DIVENTA SOCIO Ce.S.E.D.<\/a><\/li>\n<li id=\"menu-item-4201\" class=\"menu-item menu-item-type-post_type menu-item-object-page menu-item-4201\"><a href=\"https:\/\/www.economiaediritto.it\/es\/contatti\/\">CONTATTI<\/a><\/li>\n<\/ul><\/div><\/div><\/div>\n\n\t\t<\/div> \n\t<\/div> \n\n\t<div class=\"span9 wpb_column column_container\">\n\t\t<div class=\"wpb_wrapper\">\n\t\t\t\n\t<div class=\"wpb_text_column wpb_content_element \">\n\t\t<div class=\"wpb_wrapper\">\n\t\t\t\n<h2>Obiettivi<\/h2>\n<p>&nbsp;<\/p>\n<p style=\"text-align: justify;\">Il Centro Studi di Economia e Diritto \u2013 Ce.S.E.D. \u00e8 una Associazione senza fini di lucro, confessionali o politici con sede a Legnano (MI).<\/p>\n<p style=\"text-align: justify;\">Fondata nel 2011, essa si propone di diffondere lo studio di tematiche economico-giuridiche, aspirando a diventare un centro di aggregazione, un punto di partenza, fisico e virtuale, per quanti, nel settore, intendano condividere e diffondere nuove idee, conoscenze e progetti o partecipare alla realizzazione di quelli elaborati da altri.<\/p>\n<p style=\"text-align: justify;\">Il Ce.S.E.D. mira a contribuire allo sviluppo della cultura d\u2019impresa, all\u2019orientamento ed alla formazione giovanile, con una particolare attenzione per i profili dell\u2019etica dell\u2019economia e della deontologia professionale.<\/p>\n<p style=\"text-align: justify;\">In favore dei propri Associati e, pi\u00f9 in generale, della collettivit\u00e0, si prefigge di svolgere analisi, studi, ricerche, corsi, seminari e altre iniziative scientifico-culturali. Ci\u00f2 mirando il pi\u00f9 possibile all\u2019integrazione del sistema della ricerca \u2013 pubblica e privata \u2013 a quello delle attivit\u00e0 economiche attraverso il dialogo tra gli operatori.<\/p>\n<p style=\"text-align: justify;\">L\u2019Ente sostiene la promozione di esperienze di nuova imprenditorialit\u00e0 che possano agevolare l\u2019incremento dei livelli di occupazione, la modernizzazione e l\u2019internazionalizzazione delle imprese, lo sviluppo delle produzioni locali, l\u2019attrazione degli investimenti e la realizzazione di idee imprenditoriali innovative.<\/p>\n<p style=\"text-align: justify;\">L\u2019esplicazione delle finalit\u00e0 associative trova un passaggio fondamentale nel dialogo con Enti, Istituzioni e, pi\u00f9 in generale, con tutti i soggetti che siano espressione non solo del mondo scientifico e delle professioni ma anche del territorio.<\/p>\n<p style=\"text-align: justify;\">Ed infatti, per espressa direttiva statutaria, il Centro Studi rifugge uno sviluppo autoreferenziale, sulla ferma convinzione che la sua <i>mission<\/i> possa dirsi concretamente attuata solo operando in una prospettiva di \u2018<i>rete\u2019<\/i> e di \u2018<i>sistema\u2019<\/i>.<\/p>\n<p style=\"text-align: justify;\">In ciascuno dei propri ambiti di intervento, l\u2019Ente opera senza trascurare l\u2019esigenza di produrre ricadute effettive in termini di utilit\u00e0 sociale e benessere collettivo.<\/p>\n<p style=\"text-align: justify;\">Gli aderenti all\u2019Associazione condividono la convinzione che l\u2019adeguata diffusione delle conoscenze in ambito giuridico ed economico costituisca uno strumento indispensabile per il perfezionamento e la riconversione di lavoratori, liberi professionisti e <i>manager<\/i> e per lo sviluppo consapevole di attivit\u00e0 economiche in forma individuale o associata.<\/p>\n<p style=\"text-align: justify;\">In un contesto ormai dominato dall\u2019internazionalizzazione &#8211; non solo delle attivit\u00e0 produttive e di scambio ma delle stesse reti di conoscenza &#8211; il Ce.S.E.D. intende farsi promotore, nei distretti territoriali pi\u00f9 avanzati come in quelli in via di sviluppo, del dialogo e del confronto sulle tematiche di maggior momento, anche attraverso l\u2019organizzazione di eventi dedicati, non necessariamente aperti ai soli \u2018addetti ai lavori\u2019.<\/p>\n<p style=\"text-align: justify;\">Al tal uopo, il Centro Studi pu\u00f2 contare sui rapporti intessuti con alcune istituzioni universitarie nazionali ed internazionali, con singoli studiosi e con eminenti professionisti e specialisti della materia.<\/p>\n<p style=\"text-align: justify;\">L\u2019Associazione \u00e8 sensibile alle potenzialit\u00e0 spiegate dagli strumenti di comunicazione pi\u00f9 evoluti ed \u00e8 attiva nell\u2019ambito della pubblicistica tradizionale e dell\u2019editoria digitale. In tale ultimo settore \u00e8 presente dal maggio 2013, con il periodico mensile on-line ECONOMIAeDIRITTO.it (<a href=\"http:\/\/www.economiaediritto.it\/\">www.economiaediritto.it<\/a>).<\/p>\n<p style=\"text-align: justify;\">La Rivista, registrata presso il Tribunale di Milano il 26.03.2013 al n. 92 e dotata di ISSN, riporta analisi, spunti e riflessioni su temi economico-giuridici.<\/p>\n<p style=\"text-align: justify;\">Proprio per garantire l\u2019accesso alla conoscenza del maggior numero di persone ed incentivare la circolazione delle idee, la consultazione dei contenuti \u00e8 rigorosamente libera, previa registrazione gratuita.<\/p>\n\n\t\t<\/div> \n\t<\/div> \n\t\t<\/div> \n\t<\/div> \n<\/div>\n<!-- PMB print buttons is only displayed on a single post\/page URLs-->","protected":false},"excerpt":{"rendered":"ORGANIZZAZIONE > Obiettivi > Direzione Scientifica > Comitato Scientifico > Statuto ALTA FORMAZIONE ACCORDI E CONVENZIONI > Enti Pubblici > Banche > Alberghi > Ristoranti > Altri Servizi RICERCA E ","protected":false},"author":1377,"featured_media":0,"parent":2363,"menu_order":1,"comment_status":"closed","ping_status":"closed","template":"page-homepage-blank.php","meta":{"_bbp_topic_count":0,"_bbp_reply_count":0,"_bbp_total_topic_count":0,"_bbp_total_reply_count":0,"_bbp_voice_count":0,"_bbp_anonymous_reply_count":0,"_bbp_topic_count_hidden":0,"_bbp_reply_count_hidden":0,"_bbp_forum_subforum_count":0,"jetpack_post_was_ever_published":false,"footnotes":""},"class_list":["post-3647","page","type-page","status-publish","hentry"],"translation":{"provider":"WPGlobus","version":"3.0.2","language":"es","enabled_languages":["it","en","es"],"languages":{"it":{"title":true,"content":true,"excerpt":false},"en":{"title":false,"content":false,"excerpt":false},"es":{"title":false,"content":false,"excerpt":false}}},"jetpack_sharing_enabled":true,"jetpack_shortlink":"https:\/\/wp.me\/P9CRXF-WP","jetpack_likes_enabled":true,"jetpack-related-posts":[],"_links":{"self":[{"href":"https:\/\/www.economiaediritto.it\/es\/wp-json\/wp\/v2\/pages\/3647","targetHints":{"allow":["GET"]}}],"collection":[{"href":"https:\/\/www.economiaediritto.it\/es\/wp-json\/wp\/v2\/pages"}],"about":[{"href":"https:\/\/www.economiaediritto.it\/es\/wp-json\/wp\/v2\/types\/page"}],"author":[{"embeddable":true,"href":"https:\/\/www.economiaediritto.it\/es\/wp-json\/wp\/v2\/users\/1377"}],"replies":[{"embeddable":true,"href":"https:\/\/www.economiaediritto.it\/es\/wp-json\/wp\/v2\/comments?post=3647"}],"version-history":[{"count":19,"href":"https:\/\/www.economiaediritto.it\/es\/wp-json\/wp\/v2\/pages\/3647\/revisions"}],"predecessor-version":[{"id":11631,"href":"https:\/\/www.economiaediritto.it\/es\/wp-json\/wp\/v2\/pages\/3647\/revisions\/11631"}],"up":[{"embeddable":true,"href":"https:\/\/www.economiaediritto.it\/es\/wp-json\/wp\/v2\/pages\/2363"}],"wp:attachment":[{"href":"https:\/\/www.economiaediritto.it\/es\/wp-json\/wp\/v2\/media?parent=3647"}],"curies":[{"name":"wp","href":"https:\/\/api.w.org\/{rel}","templated":true}]}}